{"id":197,"date":"2024-01-18T17:18:43","date_gmt":"2024-01-18T17:18:43","guid":{"rendered":"https:\/\/waterlilyproject.com\/?page_id=197"},"modified":"2024-04-18T11:03:08","modified_gmt":"2024-04-18T10:03:08","slug":"advertising","status":"publish","type":"page","link":"https:\/\/waterlilyproject.com\/fr\/advertising\/","title":{"rendered":"Publicit\u00e9"},"content":{"rendered":"<h2>\n\t\tPublicit\u00e9\n\t<\/h2>\n\t\t\t<a href=\"https:\/\/waterlilyproject.com\/fr\/contact\/\" target=\"_self\" role=\"button\" rel=\"noopener\">\n\t\t\t\t\t\t\tDEMANDER UN DEVIS\n\t\t\t\t\t<\/a>\n\t<p>Nous r\u00e9alisons des publicit\u00e9s de 30 secondes \u00e0 une minute.<\/p>\nNous proposons des espaces publicitaires de 30 secondes sur nos deux \u00e9missions<br \/>\nBusiness Africa et Initiative Africa, diffus\u00e9es dans une quarantaine de pays africains et le bouquet africain en Europe.\n\n\t<iframe allowfullscreen allow=\"autoplay\" src=\"https:\/\/www.youtube.com\/embed\/uPpZMkp2S8o?feature=oembed&amp;start&amp;end&amp;wmode=opaque&amp;loop=0&amp;controls=1&amp;mute=0&amp;rel=0&amp;modestbranding=0\"><\/iframe>\t\n\t<p>Fr\u00e9quence Business est un espace d\u00e9di\u00e9 \u00e0 l'entrepreneuriat \u00e0 l'international. \n\nUn portail exclusif pour les entrepreneurs passionn\u00e9s, offrant un \u00e9cosyst\u00e8me dynamique de ressources et d\u2019opportunit\u00e9s pour propulser leur succ\u00e8s professionnel. \n\nD\u00e9couvrez des innovations porteuses de sens pour votre entreprise, tout en ayant un impact positif sur la soci\u00e9t\u00e9 et sur l\u2019environnement.<\/p>\n\n<h2>\n\t\tPlus de services\n\t<\/h2>\n\t\t\t\t\t\t\t\t<a href=\"https:\/\/waterlilyproject.com\/fr\/tv-shows\/\" target=\"_self\" itemprop=\"url\" rel=\"noopener\">\n\t\t\t\t\t\t\t\t\t<img loading=\"lazy\" decoding=\"async\" src=\"https:\/\/waterlilyproject.com\/wp-content\/uploads\/bb-plugin\/cache\/Mesa-de-trabajo-37-copia-square.png\" alt=\"Mesa de trabajo 37 copia\" itemprop=\"image\" height=\"563\" width=\"563\" title=\"Mesa de trabajo 37 copia\" onerror=\"this.style.display='none'\"  \/>\n\t\t\t\t\t\t\t\t\t\t\t\t\t<\/a>\n<h2>\n\t\t<a href=\"https:\/\/waterlilyproject.com\/fr\/tv-shows\/\" title=\"\u00c9MISSIONS TV\" target=\"_self\" rel=\"noopener\">\n\t\t\u00c9MISSIONS TV\n\t\t<\/a>\n\t<\/h2>\n\t\t\t\t\t\t\t\t<a href=\"https:\/\/waterlilyproject.com\/fr\/advertising\/\" target=\"_self\" itemprop=\"url\" rel=\"noopener\">\n\t\t\t\t\t\t\t\t\t<img loading=\"lazy\" decoding=\"async\" src=\"https:\/\/waterlilyproject.com\/wp-content\/uploads\/2024\/03\/Mesa-de-trabajo-37-copia-4.png\" alt=\"Mesa de trabajo 37 copia 4\" itemprop=\"image\" height=\"563\" width=\"563\" srcset=\"https:\/\/waterlilyproject.com\/wp-content\/uploads\/2024\/03\/Mesa-de-trabajo-37-copia-4.png 563w, https:\/\/waterlilyproject.com\/wp-content\/uploads\/2024\/03\/Mesa-de-trabajo-37-copia-4-300x300.png 300w, https:\/\/waterlilyproject.com\/wp-content\/uploads\/2024\/03\/Mesa-de-trabajo-37-copia-4-150x150.png 150w, https:\/\/waterlilyproject.com\/wp-content\/uploads\/2024\/03\/Mesa-de-trabajo-37-copia-4-12x12.png 12w\" sizes=\"(max-width: 563px) 100vw, 563px\" title=\"Mesa de trabajo 37 copia 4\" onerror=\"this.style.display='none'\"  \/>\n\t\t\t\t\t\t\t\t\t\t\t\t\t<\/a>\n<h2>\n\t\t<a href=\"https:\/\/waterlilyproject.com\/fr\/advertising\/\" title=\"PUBLICIT\u00c9\" target=\"_self\" rel=\"noopener\">\n\t\tPUBLICIT\u00c9\n\t\t<\/a>\n\t<\/h2>\n\t\t\t\t\t\t\t\t<a href=\"https:\/\/waterlilyproject.com\/fr\/audiovisual\/\" target=\"_self\" itemprop=\"url\" rel=\"noopener\">\n\t\t\t\t\t\t\t\t\t<img loading=\"lazy\" decoding=\"async\" src=\"https:\/\/waterlilyproject.com\/wp-content\/uploads\/bb-plugin\/cache\/Mesa-de-trabajo-37-square.png\" alt=\"Mesa de trabajo 37\" itemprop=\"image\" height=\"563\" width=\"563\" title=\"Mesa de trabajo 37\" onerror=\"this.style.display='none'\"  \/>\n\t\t\t\t\t\t\t\t\t\t\t\t\t<\/a>\n<h2>\n\t\t<a href=\"https:\/\/waterlilyproject.com\/fr\/audiovisual\/\" title=\"PRODUCTION AUDIOVISUELLE ET CORPORATE\" target=\"_self\" rel=\"noopener\">\n\t\tAUDIOVISUAL &#038; CORPORATE PRODUCTION\n\t\t<\/a>\n\t<\/h2>","protected":false},"excerpt":{"rendered":"<p>Advertising REQUEST A QUOTE Film and produce advertising for TV and Digital. We can showcase your advertising on our TV networks. 30-second advertising space on our two programmes, Business Africa and Initiative Africa, broadcast in nearly forty African countries and on the African bouquet in Europe. Business Frequency is a space dedicated to international entrepreneurship.&hellip;<\/p>","protected":false},"author":1,"featured_media":0,"parent":0,"menu_order":0,"comment_status":"closed","ping_status":"closed","template":"","meta":{"footnotes":""},"_links":{"self":[{"href":"https:\/\/waterlilyproject.com\/fr\/wp-json\/wp\/v2\/pages\/197"}],"collection":[{"href":"https:\/\/waterlilyproject.com\/fr\/wp-json\/wp\/v2\/pages"}],"about":[{"href":"https:\/\/waterlilyproject.com\/fr\/wp-json\/wp\/v2\/types\/page"}],"author":[{"embeddable":true,"href":"https:\/\/waterlilyproject.com\/fr\/wp-json\/wp\/v2\/users\/1"}],"replies":[{"embeddable":true,"href":"https:\/\/waterlilyproject.com\/fr\/wp-json\/wp\/v2\/comments?post=197"}],"version-history":[{"count":12,"href":"https:\/\/waterlilyproject.com\/fr\/wp-json\/wp\/v2\/pages\/197\/revisions"}],"predecessor-version":[{"id":646,"href":"https:\/\/waterlilyproject.com\/fr\/wp-json\/wp\/v2\/pages\/197\/revisions\/646"}],"wp:attachment":[{"href":"https:\/\/waterlilyproject.com\/fr\/wp-json\/wp\/v2\/media?parent=197"}],"curies":[{"name":"wp","href":"https:\/\/api.w.org\/{rel}","templated":true}]}}