{"id":39,"date":"2023-12-13T16:51:17","date_gmt":"2023-12-13T16:51:17","guid":{"rendered":"https:\/\/waterlilyproject.com\/?page_id=39"},"modified":"2024-04-03T18:36:22","modified_gmt":"2024-04-03T17:36:22","slug":"about","status":"publish","type":"page","link":"https:\/\/waterlilyproject.com\/fr\/about\/","title":{"rendered":"AGENCE"},"content":{"rendered":"<h2>\n\t\tQui Sommes Nous\n\t<\/h2>\n\t<p>Nous sommes une \u00e9quipe polyvalente de professionnels des m\u00e9dias, experts dans la communication et la production de contenus \u00e9ditoriaux de qualit\u00e9, la cr\u00e9ation publicitaire, la production t\u00e9l\u00e9visuelle et la formation dans le domaine de l'art oratoire, \u00e0 l'\u00e9chelle internationale.<\/p>\n<p>Nos th\u00e9matiques phares : sujets RSE, transition climatique et \u00e9nerg\u00e9tique, soci\u00e9taux, droits de l\u2019homme, climat, inclusion, diversit\u00e9, politique internationale et g\u00e9opolitique, affaires courantes, \u00e9conomie, finance, technologie (green tech, I.A.), etc.<\/p>\n\n<h2>\n\t\tMission\n\t<\/h2>\n\t<p>Engag\u00e9s dans la promotion du d\u00e9veloppement durable, nous donnons la priorit\u00e9 au partage d'informations de qualit\u00e9, en particulier sur les march\u00e9s \u00e9mergents tels que l'Afrique, l'Asie et l'Am\u00e9rique latine.<\/p>\n<p>D\u2019une part, nous cherchons \u00e0 mettre en valeur les leaders et les individus qui contribuent au d\u00e9veloppement social, soci\u00e9tal et environnemental dans le monde entier.<\/p>\n<p>D\u2019autre part, nous sommes une agence de conseil et de strat\u00e9gie et proposons un large \u00e9ventail de services pour accompagner les grandes et moyennes entreprises dans leur strat\u00e9gie de communication, de marque, d'accompagnement \u00e9ditorial sur les sujets RSE complexes (site, web tv, \u00e9v\u00e9nements internationaux, prise de parole en public face aux m\u00e9dias et coaching).<\/p>\n<p>Enfin, nous sommes aussi un Speakers Agency et proposons des Talents (conf\u00e9renciers, keynote speakers, journalistes, animateurs (trices), mod\u00e9rateurs (trices), MC - Ma\u00eetres (tresses) de c\u00e9r\u00e9monies et personnalit\u00e9s influentes pour dynamiser vos \u00e9v\u00e9nements exclusivement en Afrique et \u00e0 l'\u00cele Maurice.<\/p>\n<h2>\n\t\tObjectif\n\t<\/h2>\n\t<p>Notre objectif principal est de constituer un centre n\u00e9vralgique pour la diffusion d\u2019informations pertinentes et captivantes, tout en r\u00e9pondant \u00e0 la diversit\u00e9 des besoins des entreprises, institutions et organisations, ainsi que du grand public.<\/p>\n<p>Nous mettons \u00e0 disposition un espace de partage pour les professionnels de l\u2019information, tout en restant \u00e0 la pointe de l\u2019industrie m\u00e9diatique en constante \u00e9volution.<\/p>\n\t\t\t\t\t\t\t\t\t<img decoding=\"async\" src=\"http:\/\/waterlilyproject.com\/wp-content\/uploads\/2024\/03\/jpeg-optimizer_Captura-de-pantalla-2024-03-04-a-las-1.38.02\u202fa.-m.png\" alt=\"jpeg-optimizer_Captura de pantalla 2024-03-04 a la(s) 1.38.02\u202fa.\u00a0m.\" itemprop=\"image\" srcset=\"https:\/\/waterlilyproject.com\/wp-content\/uploads\/2024\/03\/jpeg-optimizer_Captura-de-pantalla-2024-03-04-a-las-1.38.02\u202fa.-m.png 635w, https:\/\/waterlilyproject.com\/wp-content\/uploads\/2024\/03\/jpeg-optimizer_Captura-de-pantalla-2024-03-04-a-las-1.38.02\u202fa.-m-300x300.png 300w, https:\/\/waterlilyproject.com\/wp-content\/uploads\/2024\/03\/jpeg-optimizer_Captura-de-pantalla-2024-03-04-a-las-1.38.02\u202fa.-m-150x150.png 150w, https:\/\/waterlilyproject.com\/wp-content\/uploads\/2024\/03\/jpeg-optimizer_Captura-de-pantalla-2024-03-04-a-las-1.38.02\u202fa.-m-12x12.png 12w\" sizes=\"(max-width: 635px) 100vw, 635px\" title=\"jpeg-optimizer_Captura de pantalla 2024-03-04 a la(s) 1.38.02\u202fa.\u00a0m.\" onerror=\"this.style.display='none'\"  \/>\n\t<p>Asha Sumputh<\/p>\n\t<p>FONDATRICE &amp; DIRECTRICE<\/p>\n\t\t\t\t\t\t\t\t\t<img decoding=\"async\" src=\"http:\/\/waterlilyproject.com\/wp-content\/uploads\/2024\/03\/jpeg-optimizer_Captura-de-pantalla-2024-03-04-a-las-1.38.14\u202fa.-m.png\" alt=\"jpeg-optimizer_Captura de pantalla 2024-03-04 a la(s) 1.38.14\u202fa.\u00a0m.\" itemprop=\"image\" srcset=\"https:\/\/waterlilyproject.com\/wp-content\/uploads\/2024\/03\/jpeg-optimizer_Captura-de-pantalla-2024-03-04-a-las-1.38.14\u202fa.-m.png 595w, https:\/\/waterlilyproject.com\/wp-content\/uploads\/2024\/03\/jpeg-optimizer_Captura-de-pantalla-2024-03-04-a-las-1.38.14\u202fa.-m-300x300.png 300w, https:\/\/waterlilyproject.com\/wp-content\/uploads\/2024\/03\/jpeg-optimizer_Captura-de-pantalla-2024-03-04-a-las-1.38.14\u202fa.-m-150x150.png 150w, https:\/\/waterlilyproject.com\/wp-content\/uploads\/2024\/03\/jpeg-optimizer_Captura-de-pantalla-2024-03-04-a-las-1.38.14\u202fa.-m-12x12.png 12w\" sizes=\"(max-width: 595px) 100vw, 595px\" title=\"jpeg-optimizer_Captura de pantalla 2024-03-04 a la(s) 1.38.14\u202fa.\u00a0m.\" onerror=\"this.style.display='none'\"  \/>\n\t<p>Maria Luisa Arango<\/p>\n\t<p>CHEFFE DE PROJETS<\/p>\n\t\t\t\t\t\t\t\t\t<img decoding=\"async\" src=\"http:\/\/waterlilyproject.com\/wp-content\/uploads\/2024\/03\/jpeg-optimizer_Captura-de-pantalla-2024-03-04-a-las-1.38.26\u202fa.-m.png\" alt=\"jpeg-optimizer_Captura de pantalla 2024-03-04 a la(s) 1.38.26\u202fa.\u00a0m.\" itemprop=\"image\" srcset=\"https:\/\/waterlilyproject.com\/wp-content\/uploads\/2024\/03\/jpeg-optimizer_Captura-de-pantalla-2024-03-04-a-las-1.38.26\u202fa.-m.png 797w, https:\/\/waterlilyproject.com\/wp-content\/uploads\/2024\/03\/jpeg-optimizer_Captura-de-pantalla-2024-03-04-a-las-1.38.26\u202fa.-m-300x300.png 300w, https:\/\/waterlilyproject.com\/wp-content\/uploads\/2024\/03\/jpeg-optimizer_Captura-de-pantalla-2024-03-04-a-las-1.38.26\u202fa.-m-150x150.png 150w, https:\/\/waterlilyproject.com\/wp-content\/uploads\/2024\/03\/jpeg-optimizer_Captura-de-pantalla-2024-03-04-a-las-1.38.26\u202fa.-m-768x768.png 768w, https:\/\/waterlilyproject.com\/wp-content\/uploads\/2024\/03\/jpeg-optimizer_Captura-de-pantalla-2024-03-04-a-las-1.38.26\u202fa.-m-12x12.png 12w\" sizes=\"(max-width: 797px) 100vw, 797px\" title=\"jpeg-optimizer_Captura de pantalla 2024-03-04 a la(s) 1.38.26\u202fa.\u00a0m.\" onerror=\"this.style.display='none'\"  \/>\n\t<p>Luana Paulineau<\/p>\n\t<p>HEAD OF EDITORIAL CONTENT &amp; TV SHOWS<\/p>\n<h2>\n\t\tIls nous font confiance\n\t<\/h2>\n\t\t\t\t\t\t<figure>\n\t\t\t\t\t\t\t\t\t\t\t\t\t\t\t<img decoding=\"async\" src=\"https:\/\/waterlilyproject.com\/wp-content\/uploads\/2024\/03\/Mesa-de-trabajo-39-50.jpg\" alt=\"\" \/>\n\t\t\t\t\t\t\t\t\t\t\t\t\t<\/figure>\n\t\t\t\t\t\t<figure>\n\t\t\t\t\t\t\t\t\t\t\t\t\t\t\t<img decoding=\"async\" src=\"https:\/\/waterlilyproject.com\/wp-content\/uploads\/2024\/03\/Mesa-de-trabajo-39-copia-50.jpg\" alt=\"\" \/>\n\t\t\t\t\t\t\t\t\t\t\t\t\t<\/figure>\n\t\t\t\t\t\t<figure>\n\t\t\t\t\t\t\t\t\t\t\t\t\t\t\t<img decoding=\"async\" src=\"https:\/\/waterlilyproject.com\/wp-content\/uploads\/2024\/03\/Mesa-de-trabajo-39-copia-2-50.jpg\" alt=\"\" \/>\n\t\t\t\t\t\t\t\t\t\t\t\t\t<\/figure>\n\t\t\t\t\t\t<figure>\n\t\t\t\t\t\t\t\t\t\t\t\t\t\t\t<img decoding=\"async\" src=\"https:\/\/waterlilyproject.com\/wp-content\/uploads\/2024\/03\/Mesa-de-trabajo-39-copia-3-50.jpg\" alt=\"\" \/>\n\t\t\t\t\t\t\t\t\t\t\t\t\t<\/figure>\n\t\t\t\t\t\t<figure>\n\t\t\t\t\t\t\t\t\t\t\t\t\t\t\t<img decoding=\"async\" src=\"https:\/\/waterlilyproject.com\/wp-content\/uploads\/2024\/03\/Mesa-de-trabajo-39-copia-4-50.jpg\" alt=\"\" \/>\n\t\t\t\t\t\t\t\t\t\t\t\t\t<\/figure>\n\t\t\t\t\t\t<figure>\n\t\t\t\t\t\t\t\t\t\t\t\t\t\t\t<img decoding=\"async\" src=\"https:\/\/waterlilyproject.com\/wp-content\/uploads\/2024\/03\/Mesa-de-trabajo-39-copia-5-50.jpg\" alt=\"\" \/>\n\t\t\t\t\t\t\t\t\t\t\t\t\t<\/figure>\n\t\t\t\t\t\t<figure>\n\t\t\t\t\t\t\t\t\t\t\t\t\t\t\t<img decoding=\"async\" src=\"https:\/\/waterlilyproject.com\/wp-content\/uploads\/2024\/03\/Mesa-de-trabajo-39-copia-6-50.jpg\" alt=\"\" \/>\n\t\t\t\t\t\t\t\t\t\t\t\t\t<\/figure>\n\t\t\t\t\t\t<figure>\n\t\t\t\t\t\t\t\t\t\t\t\t\t\t\t<img decoding=\"async\" src=\"https:\/\/waterlilyproject.com\/wp-content\/uploads\/2024\/03\/Mesa-de-trabajo-39-copia-7-50.jpg\" alt=\"\" \/>\n\t\t\t\t\t\t\t\t\t\t\t\t\t<\/figure>\n\t\t\t\t\t\t<figure>\n\t\t\t\t\t\t\t\t\t\t\t\t\t\t\t<img decoding=\"async\" src=\"https:\/\/waterlilyproject.com\/wp-content\/uploads\/2024\/03\/Mesa-de-trabajo-39-copia-8-50.jpg\" alt=\"\" \/>\n\t\t\t\t\t\t\t\t\t\t\t\t\t<\/figure>\n\t\t\t\t\t\t<figure>\n\t\t\t\t\t\t\t\t\t\t\t\t\t\t\t<img decoding=\"async\" src=\"https:\/\/waterlilyproject.com\/wp-content\/uploads\/2024\/03\/Mesa-de-trabajo-39-copia-9-50.jpg\" alt=\"\" \/>\n\t\t\t\t\t\t\t\t\t\t\t\t\t<\/figure>\n\t\t\t\t\t\t<figure>\n\t\t\t\t\t\t\t\t\t\t\t\t\t\t\t<img decoding=\"async\" src=\"https:\/\/waterlilyproject.com\/wp-content\/uploads\/2024\/03\/Mesa-de-trabajo-39-copia-10-50.jpg\" alt=\"\" \/>\n\t\t\t\t\t\t\t\t\t\t\t\t\t<\/figure>\n\t\t\t\t\t\t<figure>\n\t\t\t\t\t\t\t\t\t\t\t\t\t\t\t<img decoding=\"async\" src=\"https:\/\/waterlilyproject.com\/wp-content\/uploads\/2024\/03\/Mesa-de-trabajo-39-copia-11-50.jpg\" alt=\"\" \/>\n\t\t\t\t\t\t\t\t\t\t\t\t\t<\/figure>\n\t\t\t\t\t\t<!-- pagination -->","protected":false},"excerpt":{"rendered":"<p>Who We Are We are a versatile team of media professionals, experts in communication and the production of high-quality editorial content, television production, and we are also certified coaches in media training and public speaking in France, Mauritius and internationally. Our flagship themes include ESG and CSR topics, climate, biodiversity, energy transition, societal issues, human&hellip;<\/p>","protected":false},"author":1,"featured_media":0,"parent":0,"menu_order":0,"comment_status":"closed","ping_status":"closed","template":"","meta":{"footnotes":""},"_links":{"self":[{"href":"https:\/\/waterlilyproject.com\/fr\/wp-json\/wp\/v2\/pages\/39"}],"collection":[{"href":"https:\/\/waterlilyproject.com\/fr\/wp-json\/wp\/v2\/pages"}],"about":[{"href":"https:\/\/waterlilyproject.com\/fr\/wp-json\/wp\/v2\/types\/page"}],"author":[{"embeddable":true,"href":"https:\/\/waterlilyproject.com\/fr\/wp-json\/wp\/v2\/users\/1"}],"replies":[{"embeddable":true,"href":"https:\/\/waterlilyproject.com\/fr\/wp-json\/wp\/v2\/comments?post=39"}],"version-history":[{"count":24,"href":"https:\/\/waterlilyproject.com\/fr\/wp-json\/wp\/v2\/pages\/39\/revisions"}],"predecessor-version":[{"id":605,"href":"https:\/\/waterlilyproject.com\/fr\/wp-json\/wp\/v2\/pages\/39\/revisions\/605"}],"wp:attachment":[{"href":"https:\/\/waterlilyproject.com\/fr\/wp-json\/wp\/v2\/media?parent=39"}],"curies":[{"name":"wp","href":"https:\/\/api.w.org\/{rel}","templated":true}]}}