{"id":81,"date":"2023-12-19T05:26:03","date_gmt":"2023-12-19T05:26:03","guid":{"rendered":"https:\/\/waterlilyproject.com\/?page_id=81"},"modified":"2024-05-14T17:14:29","modified_gmt":"2024-05-14T16:14:29","slug":"brand-content","status":"publish","type":"page","link":"https:\/\/waterlilyproject.com\/fr\/brand-content\/","title":{"rendered":"Strat\u00e9gie de Contenu"},"content":{"rendered":"<h2>\n\t\tStrat\u00e9gie de Contenu\n\t<\/h2>\n\t\t\t<a href=\"https:\/\/waterlilyproject.com\/fr\/contact\/\" target=\"_self\" role=\"button\" rel=\"noopener\">\n\t\t\t\t\t\t\tDEMANDER UN DEVIS\n\t\t\t\t\t<\/a>\n\t\t\t<a href=\"#events\" target=\"_self\" role=\"button\" rel=\"noopener\">\n\t\t\t\t\t\t\t\u00c9v\u00e9nementiel\n\t\t\t\t\t<\/a>\n\t\t\t<a href=\"#digital\" target=\"_self\" role=\"button\" rel=\"noopener\">\n\t\t\t\t\t\t\tContenu Digital\n\t\t\t\t\t<\/a>\n\t\t\t<a href=\"#video\" target=\"_self\" role=\"button\" rel=\"noopener\">\n\t\t\t\t\t\t\tContenu Video\n\t\t\t\t\t<\/a>\n\t\t\t<a href=\"#web\" target=\"_self\" role=\"button\" rel=\"noopener\">\n\t\t\t\t\t\t\tWeb TV\n\t\t\t\t\t<\/a>\n\t\t\t<a href=\"#motion\" target=\"_self\" role=\"button\" rel=\"noopener\">\n\t\t\t\t\t\t\tMotion\n\t\t\t\t\t<\/a>\n\t<p>Comment valoriser le potentiel de votre contenu ?<\/p>\n\t<p>\u00c9laborons-ensemble une strat\u00e9gie de contenu sp\u00e9cifique selon vos besoins et votre domaine d\u2019expertise.<\/p>\n<p>Nos th\u00e9matiques phares : sujets ESG et RSE, transition climatique et \u00e9nerg\u00e9tique, soci\u00e9taux, droits de l\u2019homme, climat, environnement, biodiversit\u00e9, inclusion, diversit\u00e9, politique internationale et g\u00e9opolitique, affaires courantes, \u00e9conomie, finance, technologie (green tech, I.A.), etc.<\/p>\n<p><br><\/p>\n\t<p><strong>\u00c9v\u00e9nementiel :<\/strong><\/p>\n<p><strong>Comment f\u00e9d\u00e9rer vos \u00e9v\u00e9nements ?<\/strong><\/p>\nIntroduire les intervenants, g\u00e9rer le temps et assurer les transitions tout en ma\u00eetrisant les sujets.<br \/>\nMais aussi faciliter et vivifier les \u00e9changes permettant la fluidit\u00e9 du d\u00e9roul\u00e9 de vos \u00e9v\u00e9nements.<br \/>\nSur toute la dur\u00e9e de la manifestation, mettre en valeur les invit\u00e9s, la soci\u00e9t\u00e9, les collaborateurs, les partenaires et\/ou les clients tout en s\u2019adaptant pr\u00e9cis\u00e9ment au contexte d\u00e9fini au pr\u00e9alable.\n\t\t\t\t<a href=\"https:\/\/video.lefigaro.fr\/figaro\/video\/emmanuel-macron-inaugure-un-centre-dinnovation-a-marseille-avant-larrivee-de-la-flamme\/\" target=\"_blank\" rel=\"noopener\" itemprop=\"url\">\n\t\t\t\t<img decoding=\"async\" src=\"http:\/\/waterlilyproject.com\/wp-content\/uploads\/2024\/05\/Photo-site-wp.png\" alt=\"Photo site wp\" itemprop=\"image\" title=\"Photo site wp\" onerror=\"this.style.display='none'\"  \/>\n\t\t\t\t<\/a>\n\t<p><strong>Nous vous accompagnons dans vos \u00e9v\u00e9nements :<\/strong><\/p>\n\t\n<ul>\n<li>\u00c0 trouver la bonne strat\u00e9gie de contenu avec le.s. th\u00e8me.s., le fil rouge, le d\u00e9roul\u00e9, le programme<\/li>\n<li>\u00c0 trouver les bons formats : d\u00e9bats, interviews, discussions, tables rondes, pecha kucha, keynotes, tedtalks, face \u00e0 face, etc<\/li>\n<\/ul>\n\t<p><strong>Comment vous assurer que la qualit\u00e9 des pr\u00e9sentations, des tables rondes soit \u00e0 la hauteur de vos attentes ?<\/strong><\/p>\n\t<ul>\n<li>Proposition de t\u00eates d'affiche, d'intervenants.es, experts.es, animateurs.trices ou intervenants.es.<\/li>\n<li>\u00c9quipe de r\u00e9dacteurs pour r\u00e9diger les contenus (animateurs, intervenants, etc.).<\/li>\n<li>\u00c9quipe de coachs (journalistes, experts des m\u00e9dias, formateurs) pour former vos intervenants pour une prise de parole efficace.<\/li>\n<\/ul>\n\t<p><strong>Contenu digital :<\/strong> accompagnement pour la production de contenu pour des sites web en fran\u00e7ais et en anglais.<\/p>\n\t<strong>Contenu vid\u00e9o :<\/strong><br \/>\nContenu, Conception et Cr\u00e9ation\n<ul>\n<li>Accompagnement global<\/li>\n<li>Conception du contenu.<\/li>\n<li>4k filming (on site with our team on D-day whether on your premises or elsewhere or in our studios).<\/li>\n<li>Technical team (director, cinematographer, sound and lighting engineer) and we provide all equipment.<\/li>\n<li>Montage et livraison de la vid\u00e9o.<\/li>\n<\/ul>\n\t<p><strong>Web TV : <\/strong>production de toute sorte de contenu audiovisuel, journalistique et \u00e9galement publicitaire.<\/p>\n\t<p><strong>Motion :<\/strong> nous produisons des motion designs pour vos sites web et r\u00e9seaux sociaux.<\/p>\n\t<iframe allowfullscreen allow=\"autoplay\" src=\"https:\/\/www.youtube.com\/embed\/4U3xsS2BhuE?feature=oembed&amp;start&amp;end&amp;wmode=opaque&amp;loop=0&amp;controls=1&amp;mute=0&amp;rel=0&amp;modestbranding=0\"><\/iframe>\t\n<h2>\n\t\tPlus de services\n\t<\/h2>\n\t\t\t\t\t\t\t\t<a href=\"https:\/\/waterlilyproject.com\/fr\/studio\/\" target=\"_self\" itemprop=\"url\" rel=\"noopener\">\n\t\t\t\t\t\t\t\t\t<img loading=\"lazy\" decoding=\"async\" src=\"https:\/\/waterlilyproject.com\/wp-content\/uploads\/bb-plugin\/cache\/Mesa-de-trabajo-37-copia-5-square.png\" alt=\"Mesa de trabajo 37 copia 5\" itemprop=\"image\" height=\"563\" width=\"563\" title=\"Mesa de trabajo 37 copia 5\" onerror=\"this.style.display='none'\"  \/>\n\t\t\t\t\t\t\t\t\t\t\t\t\t<\/a>\n<h2>\n\t\t<a href=\"https:\/\/waterlilyproject.com\/fr\/studio\/\" title=\"STUDIO\" target=\"_self\" rel=\"noopener\">\n\t\tSTUDIO\n\t\t<\/a>\n\t<\/h2>\n\t\t\t\t\t\t\t\t<a href=\"https:\/\/waterlilyproject.com\/fr\/advertising\/\" target=\"_self\" itemprop=\"url\" rel=\"noopener\">\n\t\t\t\t\t\t\t\t\t<img loading=\"lazy\" decoding=\"async\" src=\"https:\/\/waterlilyproject.com\/wp-content\/uploads\/2024\/03\/Mesa-de-trabajo-37-copia-4.png\" alt=\"Mesa de trabajo 37 copia 4\" itemprop=\"image\" height=\"563\" width=\"563\" srcset=\"https:\/\/waterlilyproject.com\/wp-content\/uploads\/2024\/03\/Mesa-de-trabajo-37-copia-4.png 563w, https:\/\/waterlilyproject.com\/wp-content\/uploads\/2024\/03\/Mesa-de-trabajo-37-copia-4-300x300.png 300w, https:\/\/waterlilyproject.com\/wp-content\/uploads\/2024\/03\/Mesa-de-trabajo-37-copia-4-150x150.png 150w, https:\/\/waterlilyproject.com\/wp-content\/uploads\/2024\/03\/Mesa-de-trabajo-37-copia-4-12x12.png 12w\" sizes=\"(max-width: 563px) 100vw, 563px\" title=\"Mesa de trabajo 37 copia 4\" onerror=\"this.style.display='none'\"  \/>\n\t\t\t\t\t\t\t\t\t\t\t\t\t<\/a>\n<h2>\n\t\t<a href=\"https:\/\/waterlilyproject.com\/fr\/advertising\/\" title=\"PUBLICIT\u00c9\" target=\"_self\" rel=\"noopener\">\n\t\tPUBLICIT\u00c9\n\t\t<\/a>\n\t<\/h2>\n\t\t\t\t\t\t\t\t<a href=\"https:\/\/waterlilyproject.com\/fr\/public-speaking\/\" target=\"_self\" itemprop=\"url\" rel=\"noopener\">\n\t\t\t\t\t\t\t\t\t<img loading=\"lazy\" decoding=\"async\" src=\"https:\/\/waterlilyproject.com\/wp-content\/uploads\/bb-plugin\/cache\/Mesa-de-trabajo-37-copia-2-square.png\" alt=\"Mesa de trabajo 37 copia 2\" itemprop=\"image\" height=\"563\" width=\"563\" title=\"Mesa de trabajo 37 copia 2\" onerror=\"this.style.display='none'\"  \/>\n\t\t\t\t\t\t\t\t\t\t\t\t\t<\/a>\n<h2>\n\t\t<a href=\"https:\/\/waterlilyproject.com\/fr\/public-speaking\/\" title=\"Art Oratoire\" target=\"_self\" rel=\"noopener\">\n\t\tArt Oratoire\n\t\t<\/a>\n\t<\/h2>","protected":false},"excerpt":{"rendered":"<p>Brand Content REQUEST A QUOTE Events Digital Content Video Content Web TV Motion How to reveal the potential of your content? By setting up a relevant content strategy that ensures consistency across all communication media: website, social media, etc. Interestingly, the medium makes the message and hence, delivering the right content on the appropriate medium,&hellip;<\/p>","protected":false},"author":1,"featured_media":0,"parent":0,"menu_order":0,"comment_status":"closed","ping_status":"closed","template":"","meta":{"footnotes":""},"_links":{"self":[{"href":"https:\/\/waterlilyproject.com\/fr\/wp-json\/wp\/v2\/pages\/81"}],"collection":[{"href":"https:\/\/waterlilyproject.com\/fr\/wp-json\/wp\/v2\/pages"}],"about":[{"href":"https:\/\/waterlilyproject.com\/fr\/wp-json\/wp\/v2\/types\/page"}],"author":[{"embeddable":true,"href":"https:\/\/waterlilyproject.com\/fr\/wp-json\/wp\/v2\/users\/1"}],"replies":[{"embeddable":true,"href":"https:\/\/waterlilyproject.com\/fr\/wp-json\/wp\/v2\/comments?post=81"}],"version-history":[{"count":18,"href":"https:\/\/waterlilyproject.com\/fr\/wp-json\/wp\/v2\/pages\/81\/revisions"}],"predecessor-version":[{"id":670,"href":"https:\/\/waterlilyproject.com\/fr\/wp-json\/wp\/v2\/pages\/81\/revisions\/670"}],"wp:attachment":[{"href":"https:\/\/waterlilyproject.com\/fr\/wp-json\/wp\/v2\/media?parent=81"}],"curies":[{"name":"wp","href":"https:\/\/api.w.org\/{rel}","templated":true}]}}