{"id":83,"date":"2023-12-19T05:26:16","date_gmt":"2023-12-19T05:26:16","guid":{"rendered":"https:\/\/waterlilyproject.com\/?page_id=83"},"modified":"2024-04-10T16:15:37","modified_gmt":"2024-04-10T15:15:37","slug":"television-programmes","status":"publish","type":"page","link":"https:\/\/waterlilyproject.com\/fr\/television-programmes\/","title":{"rendered":"\u00c9missions TV"},"content":{"rendered":"<h2>\n\t\t\u00c9missions TV\n\t<\/h2>\n\t\t\t<a href=\"https:\/\/waterlilyproject.com\/fr\/contact\/\" target=\"_self\" role=\"button\" rel=\"noopener\">\n\t\t\t\t\t\t\tDEMANDER UN DEVIS\n\t\t\t\t\t<\/a>\n\t<p>Nous produisons des \u00e9missions TV internationales en fran\u00e7ais et en anglais. Notre \u00e9quipe travaille sur le contenu, la conception et la r\u00e9alisation.<\/p>\n<p>Nous avons produit des \u00e9missions pour des cha\u00eenes internationales, en particulier am\u00e9ricaines, europ\u00e9ennes et africaines.<\/p>\n<p>&nbsp;<\/p>\n<p><strong>Exemples des \u00e9missions que nous produisons en ce moment<\/strong><\/p>\n\t\t\t\t\t\t\t\t\t<img decoding=\"async\" src=\"http:\/\/waterlilyproject.com\/wp-content\/uploads\/2024\/03\/Captura-de-pantalla-2024-03-04-a-las-11.06.35\u202fa.-m.png\" alt=\"Captura de pantalla 2024-03-04 a la(s) 11.06.35\u202fa.\u00a0m.\" itemprop=\"image\" srcset=\"https:\/\/waterlilyproject.com\/wp-content\/uploads\/2024\/03\/Captura-de-pantalla-2024-03-04-a-las-11.06.35\u202fa.-m.png 464w, https:\/\/waterlilyproject.com\/wp-content\/uploads\/2024\/03\/Captura-de-pantalla-2024-03-04-a-las-11.06.35\u202fa.-m-300x198.png 300w, https:\/\/waterlilyproject.com\/wp-content\/uploads\/2024\/03\/Captura-de-pantalla-2024-03-04-a-las-11.06.35\u202fa.-m-18x12.png 18w\" sizes=\"(max-width: 464px) 100vw, 464px\" title=\"Captura de pantalla 2024-03-04 a la(s) 11.06.35\u202fa.\u00a0m.\" onerror=\"this.style.display='none'\"  \/>\n\t<p>Est un programme de t\u00e9l\u00e9vision centr\u00e9 sur l\u2019\u00e9conomie, la finance, le commerce et l\u2019entrepreneuriat.<br><br><\/p>\n\t\t\t<a href=\"https:\/\/africa-on-air.com\/replays\/\" target=\"_self\" role=\"button\" rel=\"noopener\">\n\t\t\t\t\t\t\tRegarder l'\u00e9mission\n\t\t\t\t\t<\/a>\n\t\t\t\t\t\t\t\t\t<img decoding=\"async\" src=\"http:\/\/waterlilyproject.com\/wp-content\/uploads\/2024\/03\/Captura-de-pantalla-2024-03-04-a-las-11.06.44\u202fa.-m.png\" alt=\"Captura de pantalla 2024-03-04 a la(s) 11.06.44\u202fa.\u00a0m.\" itemprop=\"image\" srcset=\"https:\/\/waterlilyproject.com\/wp-content\/uploads\/2024\/03\/Captura-de-pantalla-2024-03-04-a-las-11.06.44\u202fa.-m.png 686w, https:\/\/waterlilyproject.com\/wp-content\/uploads\/2024\/03\/Captura-de-pantalla-2024-03-04-a-las-11.06.44\u202fa.-m-300x125.png 300w, https:\/\/waterlilyproject.com\/wp-content\/uploads\/2024\/03\/Captura-de-pantalla-2024-03-04-a-las-11.06.44\u202fa.-m-18x8.png 18w\" sizes=\"(max-width: 686px) 100vw, 686px\" title=\"Captura de pantalla 2024-03-04 a la(s) 11.06.44\u202fa.\u00a0m.\" onerror=\"this.style.display='none'\"  \/>\n\t<p>Est une \u00e9mission  qui met en lumi\u00e8re, au moyen de reportages et d\u2019interviews, des initiatives exemplaires de particuliers, de communaut\u00e9s, d\u2019entreprises et d\u2019\u00c9tats dans des domaines tels que l\u2019\u00e9ducation, la sant\u00e9, l\u2019environnement, la technologie et la culture.<\/p>\n\t\t\t<a href=\"https:\/\/africa-on-air.com\/replays\/\" target=\"_blank\" role=\"button\" rel=\"noopener\">\n\t\t\t\t\t\t\tRegarder l'\u00e9mission\n\t\t\t\t\t<\/a>\n\t<p>Nous poss\u00e9dons une vraie expertise sur les sujets relatifs \u00e0 l\u2019Afrique gr\u00e2ce \u00e0 notre pr\u00e9sence sur ce grand continent. <\/p>\n<p>Nous traitons des sujets en lien avec la politique, l\u2019\u00e9conomie, l\u2019environnement, la soci\u00e9t\u00e9, l\u2019\u00e9ducation, la technologie et la culture.<\/p>\n\t<p><strong>Production d\u2019\u00e9missions TV et collaborations avec des cha\u00eenes internationales ou fran\u00e7aises : <\/strong><strong><br><\/strong><\/p>\n\t\t\t\t\t\t\t\t<a href=\"https:\/\/www.bfmtv.com\/economie\/replay-emissions\/hors-serie\/hors-serie-hebdo-com-le-nouveau-consommateur-24-09_VN-202209260543.html\" target=\"_blank\" itemprop=\"url\" rel=\"noopener\">\n\t\t\t\t\t\t\t\t\t<img decoding=\"async\" src=\"http:\/\/waterlilyproject.com\/wp-content\/uploads\/2024\/03\/asha-bfm-1.png\" alt=\"asha bfm\" itemprop=\"image\" srcset=\"https:\/\/waterlilyproject.com\/wp-content\/uploads\/2024\/03\/asha-bfm-1.png 2049w, https:\/\/waterlilyproject.com\/wp-content\/uploads\/2024\/03\/asha-bfm-1-300x169.png 300w, https:\/\/waterlilyproject.com\/wp-content\/uploads\/2024\/03\/asha-bfm-1-1024x576.png 1024w, https:\/\/waterlilyproject.com\/wp-content\/uploads\/2024\/03\/asha-bfm-1-768x432.png 768w, https:\/\/waterlilyproject.com\/wp-content\/uploads\/2024\/03\/asha-bfm-1-1536x864.png 1536w, https:\/\/waterlilyproject.com\/wp-content\/uploads\/2024\/03\/asha-bfm-1-18x10.png 18w\" sizes=\"(max-width: 2049px) 100vw, 2049px\" title=\"asha bfm\" onerror=\"this.style.display='none'\"  \/>\n\t\t\t\t\t\t\t\t\t\t\t\t\t<\/a>\n<h2>\n\t\tBFM TV\n\t<\/h2>\n<h2>\n\t\tCNBC\n\t<\/h2>\n\t<iframe allowfullscreen allow=\"autoplay\" src=\"https:\/\/www.youtube.com\/embed\/oiv3MQ8SPns?feature=oembed&amp;start&amp;end&amp;wmode=opaque&amp;loop=0&amp;controls=1&amp;mute=0&amp;rel=0&amp;modestbranding=0\"><\/iframe>\t\n\t<iframe allowfullscreen allow=\"autoplay\" src=\"https:\/\/www.youtube.com\/embed\/8SX8hr-DpgU?feature=oembed&amp;start&amp;end&amp;wmode=opaque&amp;loop=0&amp;controls=1&amp;mute=0&amp;rel=0&amp;modestbranding=0\"><\/iframe>\t\n\t\t\t\t\t\t\t\t<a href=\"https:\/\/www.youtube.com\/watch?v=tEeNsZU8Hc8\" target=\"_blank\" itemprop=\"url\" rel=\"noopener\">\n\t\t\t\t\t\t\t\t\t<img decoding=\"async\" src=\"http:\/\/waterlilyproject.com\/wp-content\/uploads\/2024\/04\/WhatsApp-Image-2024-04-01-at-16.44.17.jpeg\" alt=\"WhatsApp Image 2024-04-01 at 16.44.17\" itemprop=\"image\" srcset=\"https:\/\/waterlilyproject.com\/wp-content\/uploads\/2024\/04\/WhatsApp-Image-2024-04-01-at-16.44.17.jpeg 1240w, https:\/\/waterlilyproject.com\/wp-content\/uploads\/2024\/04\/WhatsApp-Image-2024-04-01-at-16.44.17-300x185.jpeg 300w, https:\/\/waterlilyproject.com\/wp-content\/uploads\/2024\/04\/WhatsApp-Image-2024-04-01-at-16.44.17-1024x633.jpeg 1024w, https:\/\/waterlilyproject.com\/wp-content\/uploads\/2024\/04\/WhatsApp-Image-2024-04-01-at-16.44.17-768x474.jpeg 768w, https:\/\/waterlilyproject.com\/wp-content\/uploads\/2024\/04\/WhatsApp-Image-2024-04-01-at-16.44.17-18x12.jpeg 18w\" sizes=\"(max-width: 1240px) 100vw, 1240px\" title=\"WhatsApp Image 2024-04-01 at 16.44.17\" onerror=\"this.style.display='none'\"  \/>\n\t\t\t\t\t\t\t\t\t\t\t\t\t<\/a>\n<h2>\n\t\tPlus de services\n\t<\/h2>\n\t\t\t\t\t\t\t\t<a href=\"https:\/\/waterlilyproject.com\/fr\/studio\/\" target=\"_self\" itemprop=\"url\" rel=\"noopener\">\n\t\t\t\t\t\t\t\t\t<img loading=\"lazy\" decoding=\"async\" src=\"https:\/\/waterlilyproject.com\/wp-content\/uploads\/bb-plugin\/cache\/Mesa-de-trabajo-37-copia-5-square.png\" alt=\"Mesa de trabajo 37 copia 5\" itemprop=\"image\" height=\"563\" width=\"563\" title=\"Mesa de trabajo 37 copia 5\" onerror=\"this.style.display='none'\"  \/>\n\t\t\t\t\t\t\t\t\t\t\t\t\t<\/a>\n<h2>\n\t\t<a href=\"https:\/\/waterlilyproject.com\/fr\/studio\/\" title=\"STUDIO\" target=\"_self\" rel=\"noopener\">\n\t\tSTUDIO\n\t\t<\/a>\n\t<\/h2>\n\t\t\t\t\t\t\t\t<a href=\"https:\/\/waterlilyproject.com\/fr\/advertising\/\" target=\"_self\" itemprop=\"url\" rel=\"noopener\">\n\t\t\t\t\t\t\t\t\t<img loading=\"lazy\" decoding=\"async\" src=\"https:\/\/waterlilyproject.com\/wp-content\/uploads\/2024\/03\/Mesa-de-trabajo-37-copia-4.png\" alt=\"Mesa de trabajo 37 copia 4\" itemprop=\"image\" height=\"563\" width=\"563\" srcset=\"https:\/\/waterlilyproject.com\/wp-content\/uploads\/2024\/03\/Mesa-de-trabajo-37-copia-4.png 563w, https:\/\/waterlilyproject.com\/wp-content\/uploads\/2024\/03\/Mesa-de-trabajo-37-copia-4-300x300.png 300w, https:\/\/waterlilyproject.com\/wp-content\/uploads\/2024\/03\/Mesa-de-trabajo-37-copia-4-150x150.png 150w, https:\/\/waterlilyproject.com\/wp-content\/uploads\/2024\/03\/Mesa-de-trabajo-37-copia-4-12x12.png 12w\" sizes=\"(max-width: 563px) 100vw, 563px\" title=\"Mesa de trabajo 37 copia 4\" onerror=\"this.style.display='none'\"  \/>\n\t\t\t\t\t\t\t\t\t\t\t\t\t<\/a>\n<h2>\n\t\t<a href=\"https:\/\/waterlilyproject.com\/fr\/advertising\/\" title=\"PUBLICIT\u00c9\" target=\"_self\" rel=\"noopener\">\n\t\tPUBLICIT\u00c9\n\t\t<\/a>\n\t<\/h2>\n\t\t\t\t\t\t\t\t<a href=\"https:\/\/waterlilyproject.com\/fr\/public-speaking\/\" target=\"_self\" itemprop=\"url\" rel=\"noopener\">\n\t\t\t\t\t\t\t\t\t<img loading=\"lazy\" decoding=\"async\" src=\"https:\/\/waterlilyproject.com\/wp-content\/uploads\/bb-plugin\/cache\/Mesa-de-trabajo-37-copia-2-square.png\" alt=\"Mesa de trabajo 37 copia 2\" itemprop=\"image\" height=\"563\" width=\"563\" title=\"Mesa de trabajo 37 copia 2\" onerror=\"this.style.display='none'\"  \/>\n\t\t\t\t\t\t\t\t\t\t\t\t\t<\/a>\n<h2>\n\t\t<a href=\"https:\/\/waterlilyproject.com\/fr\/public-speaking\/\" title=\"Art Oratoire\" target=\"_self\" rel=\"noopener\">\n\t\tArt Oratoire\n\t\t<\/a>\n\t<\/h2>","protected":false},"excerpt":{"rendered":"<p>Television Programmes REQUEST A QUOTE More than 20 years of experience in the audiovisual sector, we produce international TV shows in French and English. Our team works on content, design, and production. We have produced programmes for international channels, especially American, European, and African network. &nbsp; Programmes we are currently producing A 26-minute television show&hellip;<\/p>","protected":false},"author":1,"featured_media":0,"parent":0,"menu_order":0,"comment_status":"closed","ping_status":"closed","template":"","meta":{"footnotes":""},"_links":{"self":[{"href":"https:\/\/waterlilyproject.com\/fr\/wp-json\/wp\/v2\/pages\/83"}],"collection":[{"href":"https:\/\/waterlilyproject.com\/fr\/wp-json\/wp\/v2\/pages"}],"about":[{"href":"https:\/\/waterlilyproject.com\/fr\/wp-json\/wp\/v2\/types\/page"}],"author":[{"embeddable":true,"href":"https:\/\/waterlilyproject.com\/fr\/wp-json\/wp\/v2\/users\/1"}],"replies":[{"embeddable":true,"href":"https:\/\/waterlilyproject.com\/fr\/wp-json\/wp\/v2\/comments?post=83"}],"version-history":[{"count":40,"href":"https:\/\/waterlilyproject.com\/fr\/wp-json\/wp\/v2\/pages\/83\/revisions"}],"predecessor-version":[{"id":643,"href":"https:\/\/waterlilyproject.com\/fr\/wp-json\/wp\/v2\/pages\/83\/revisions\/643"}],"wp:attachment":[{"href":"https:\/\/waterlilyproject.com\/fr\/wp-json\/wp\/v2\/media?parent=83"}],"curies":[{"name":"wp","href":"https:\/\/api.w.org\/{rel}","templated":true}]}}