{"id":85,"date":"2023-12-19T05:26:27","date_gmt":"2023-12-19T05:26:27","guid":{"rendered":"https:\/\/waterlilyproject.com\/?page_id=85"},"modified":"2024-04-18T14:44:40","modified_gmt":"2024-04-18T13:44:40","slug":"public-speaking","status":"publish","type":"page","link":"https:\/\/waterlilyproject.com\/fr\/public-speaking\/","title":{"rendered":"Art Oratoire"},"content":{"rendered":"<h2>\n\t\tArt Oratoire\n\t<\/h2>\n\t\t\t<a href=\"https:\/\/waterlilyproject.com\/fr\/contact\/\" target=\"_self\" role=\"button\" rel=\"noopener\">\n\t\t\t\t\t\t\tDEMANDER UN DEVIS\n\t\t\t\t\t<\/a>\n\t<p><br><\/p>\n<p><strong>Coaching :<\/strong> nous offrons des services de coaching personnalis\u00e9s, guidant nos clients pour la partie sc\u00e9nique avec une approche sur mesure. Notre \u00e9quipe exp\u00e9riment\u00e9e est form\u00e9e pour vous accompagner vers l\u2019atteinte de vos objectifs.<\/p>\n<p><strong>Media training :<\/strong> qu\u2019est ce qu\u2019un m\u00e9dia training ?\n\nUne interview en t\u00e9l\u00e9vision ou en radio, \u00e7a ne s\u2019improvise pas ! L\u2019image que l\u2019on renvoie lors de ce genre d\u2019exercice a des impacts. Face \u00e0 des journalistes il faut r\u00e9ussir \u00e0 faire passer ses messages ou r\u00e9pondre \u00e0 toutes sortes de questions, m\u00eame des attaques. Voil\u00e0 les objectifs d\u2019un m\u00e9dia-training. Il ne faut pas oublier que lorsque vous vous adressez \u00e0 la presse, vous repr\u00e9sentez votre organisation, votre entreprise et vos collaborateurs\u2026 Avec une formation en m\u00e9dia-training, nous vous pr\u00e9parons \u00e0 faire face et \u00e0 r\u00e9pondre avec le bon \u00e0-propos.\n\nNous vous proposons des s\u00e9ances sp\u00e9cialis\u00e9es pour renforcer votre pr\u00e9sence m\u00e9diatique. Notre \u00e9quipe, compos\u00e9e de professionnels de la t\u00e9l\u00e9vision, vous forme \u00e0 communiquer de mani\u00e8re percutante face aux journalistes lors de conf\u00e9rences de presse et autres \u00e9v\u00e9nements publics.<\/p>\n<strong>Prise de parole en public :<\/strong> nous accompagnons, depuis plusieurs ann\u00e9es, les intervenants et dirigeants d\u2019entreprise pour la pr\u00e9paration \u00e0 des prises de parole dans le cadre de conventions ou d\u2019interventions film\u00e9es.<br \/>\nCaptivez votre auditoire gr\u00e2ce \u00e0 des discours structur\u00e9s. Notre programme vous aide \u00e0 surmonter le trac et \u00e0 prendre possession de votre voix sur la sc\u00e8ne nationale et internationale. Cette formation est id\u00e9ale pour les dirigeants d\u2019entreprises et les top managers expos\u00e9s \u00e0 un large public.\n<p><strong>Accompagnement sur le fond et la forme :<\/strong> our team can assist you in editorial conception and content creation: shooting presentation videos, website content, and\/or social media.<\/p>\n\t<p>Our team of journalists trains you in the use of a teleprompter as a tool to facilitate reading and presentation on camera.<\/p>\n\t\t\t<a href=\"https:\/\/waterlilyproject.com\/fr\/brand-content\/\" target=\"_self\" role=\"button\" rel=\"noopener\">\n\t\t\t\t\t\t\tStrat\u00e9gie de Contenu\n\t\t\t\t\t<\/a>\n\t<p><strong>Nos coachs : <\/strong>a diverse team of bilingual (French-English speaking) professionals, both women and men. Each bringing their unique expertise in the following sectors: television, public speaking, crisis management, and media training. Journalists are also part of the team, providing a media perspective and guiding you for effective and relevant communication.<\/p>\n<h2>\n\t\tPlus de services\n\t<\/h2>\n\t\t\t\t\t\t\t\t<a href=\"https:\/\/waterlilyproject.com\/fr\/documentaries\/\" target=\"_self\" itemprop=\"url\" rel=\"noopener\">\n\t\t\t\t\t\t\t\t\t<img loading=\"lazy\" decoding=\"async\" src=\"https:\/\/waterlilyproject.com\/wp-content\/uploads\/bb-plugin\/cache\/Mesa-de-trabajo-37-square.png\" alt=\"Mesa de trabajo 37\" itemprop=\"image\" height=\"563\" width=\"563\" title=\"Mesa de trabajo 37\" onerror=\"this.style.display='none'\"  \/>\n\t\t\t\t\t\t\t\t\t\t\t\t\t<\/a>\n<h2>\n\t\t<a href=\"https:\/\/waterlilyproject.com\/fr\/audiovisual\/\" title=\"Production Audiovisuelle et corporate\" target=\"_self\" rel=\"noopener\">\n\t\tProduction Audiovisuelle et corporate\n\t\t<\/a>\n\t<\/h2>\n\t\t\t\t\t\t\t\t<a href=\"https:\/\/waterlilyproject.com\/fr\/advertising\/\" target=\"_self\" itemprop=\"url\" rel=\"noopener\">\n\t\t\t\t\t\t\t\t\t<img loading=\"lazy\" decoding=\"async\" src=\"https:\/\/waterlilyproject.com\/wp-content\/uploads\/2024\/03\/Mesa-de-trabajo-37-copia-4.png\" alt=\"Mesa de trabajo 37 copia 4\" itemprop=\"image\" height=\"563\" width=\"563\" srcset=\"https:\/\/waterlilyproject.com\/wp-content\/uploads\/2024\/03\/Mesa-de-trabajo-37-copia-4.png 563w, https:\/\/waterlilyproject.com\/wp-content\/uploads\/2024\/03\/Mesa-de-trabajo-37-copia-4-300x300.png 300w, https:\/\/waterlilyproject.com\/wp-content\/uploads\/2024\/03\/Mesa-de-trabajo-37-copia-4-150x150.png 150w, https:\/\/waterlilyproject.com\/wp-content\/uploads\/2024\/03\/Mesa-de-trabajo-37-copia-4-12x12.png 12w\" sizes=\"(max-width: 563px) 100vw, 563px\" title=\"Mesa de trabajo 37 copia 4\" onerror=\"this.style.display='none'\"  \/>\n\t\t\t\t\t\t\t\t\t\t\t\t\t<\/a>\n<h2>\n\t\t<a href=\"https:\/\/waterlilyproject.com\/fr\/advertising\/\" title=\"PUBLICIT\u00c9\" target=\"_self\" rel=\"noopener\">\n\t\tPUBLICIT\u00c9\n\t\t<\/a>\n\t<\/h2>\n\t\t\t\t\t\t\t\t<a href=\"https:\/\/waterlilyproject.com\/fr\/studio\/\" target=\"_self\" itemprop=\"url\" rel=\"noopener\">\n\t\t\t\t\t\t\t\t\t<img loading=\"lazy\" decoding=\"async\" src=\"https:\/\/waterlilyproject.com\/wp-content\/uploads\/bb-plugin\/cache\/Mesa-de-trabajo-37-copia-5-square.png\" alt=\"Mesa de trabajo 37 copia 5\" itemprop=\"image\" height=\"563\" width=\"563\" title=\"Mesa de trabajo 37 copia 5\" onerror=\"this.style.display='none'\"  \/>\n\t\t\t\t\t\t\t\t\t\t\t\t\t<\/a>\n<h2>\n\t\t<a href=\"https:\/\/waterlilyproject.com\/fr\/studio\/\" title=\"STUDIO\" target=\"_self\" rel=\"noopener\">\n\t\tSTUDIO\n\t\t<\/a>\n\t<\/h2>","protected":false},"excerpt":{"rendered":"<p>Public Speaking REQUEST A QUOTE For almost 20 years we have been providing highly professional media and presentation training and clients are usually influential personalities, CEOs and top Managers of big corporations. We work online, at your premises or in a Paris or Mauritius based Studio. Coaching: personalised coaching services, supporting our clients on site&hellip;<\/p>","protected":false},"author":1,"featured_media":0,"parent":0,"menu_order":0,"comment_status":"closed","ping_status":"closed","template":"","meta":{"footnotes":""},"_links":{"self":[{"href":"https:\/\/waterlilyproject.com\/fr\/wp-json\/wp\/v2\/pages\/85"}],"collection":[{"href":"https:\/\/waterlilyproject.com\/fr\/wp-json\/wp\/v2\/pages"}],"about":[{"href":"https:\/\/waterlilyproject.com\/fr\/wp-json\/wp\/v2\/types\/page"}],"author":[{"embeddable":true,"href":"https:\/\/waterlilyproject.com\/fr\/wp-json\/wp\/v2\/users\/1"}],"replies":[{"embeddable":true,"href":"https:\/\/waterlilyproject.com\/fr\/wp-json\/wp\/v2\/comments?post=85"}],"version-history":[{"count":19,"href":"https:\/\/waterlilyproject.com\/fr\/wp-json\/wp\/v2\/pages\/85\/revisions"}],"predecessor-version":[{"id":658,"href":"https:\/\/waterlilyproject.com\/fr\/wp-json\/wp\/v2\/pages\/85\/revisions\/658"}],"wp:attachment":[{"href":"https:\/\/waterlilyproject.com\/fr\/wp-json\/wp\/v2\/media?parent=85"}],"curies":[{"name":"wp","href":"https:\/\/api.w.org\/{rel}","templated":true}]}}